{"id":1097,"date":"2024-04-07T07:46:27","date_gmt":"2024-04-07T07:46:27","guid":{"rendered":"https:\/\/mfc.heidenheim.com\/?page_id=1097"},"modified":"2024-04-07T07:46:27","modified_gmt":"2024-04-07T07:46:27","slug":"mitglied-werden","status":"publish","type":"page","link":"https:\/\/mfc.heidenheim.com\/index.php\/mitglied-werden\/","title":{"rendered":"Mitglied werden"},"content":{"rendered":"\n<p>Du m\u00f6chtest Mitglied werden? Wir freuen uns auf Dich! Bitte f\u00fclle die Aufnahmeantr\u00e4ge und die Einzugserm\u00e4chtigung aus und sende sie an:<\/p>\n\n\n\n<p><a href=\"mailto:info@mfc.heidenheim.com\">info@mfc.heidenheim.com<\/a> <\/p>\n\n\n\n<div class=\"wp-block-file\"><a id=\"wp-block-file--media-5adabb4f-e9b2-4887-9983-ead676568129\" href=\"https:\/\/mfc.heidenheim.com\/wp-content\/uploads\/2024\/03\/Aufnahme_MFC-Hdhm_neu.pdf\">Aufnahme_MFC-Hdhm_neu<\/a><a href=\"https:\/\/mfc.heidenheim.com\/wp-content\/uploads\/2024\/03\/Aufnahme_MFC-Hdhm_neu.pdf\" class=\"wp-block-file__button wp-element-button\" download aria-describedby=\"wp-block-file--media-5adabb4f-e9b2-4887-9983-ead676568129\">Herunterladen<\/a><\/div>\n\n\n\n<div class=\"wp-block-file\"><a id=\"wp-block-file--media-e53e0129-4526-417d-9a20-8ff2dab1c177\" href=\"https:\/\/mfc.heidenheim.com\/wp-content\/uploads\/2024\/03\/Einzugsermaechtigung.pdf\">Einzugsermaechtigung<\/a><a href=\"https:\/\/mfc.heidenheim.com\/wp-content\/uploads\/2024\/03\/Einzugsermaechtigung.pdf\" class=\"wp-block-file__button wp-element-button\" download aria-describedby=\"wp-block-file--media-e53e0129-4526-417d-9a20-8ff2dab1c177\">Herunterladen<\/a><\/div>\n\n\n\n<div class=\"wp-block-file\"><a id=\"wp-block-file--media-a71d271e-4854-4da8-be74-c771ef7b083a\" href=\"https:\/\/mfc.heidenheim.com\/wp-content\/uploads\/2024\/03\/DMFV-Aufnahme.pdf\">DMFV-Aufnahme<\/a><a href=\"https:\/\/mfc.heidenheim.com\/wp-content\/uploads\/2024\/03\/DMFV-Aufnahme.pdf\" class=\"wp-block-file__button wp-element-button\" download aria-describedby=\"wp-block-file--media-a71d271e-4854-4da8-be74-c771ef7b083a\">Herunterladen<\/a><\/div>\n","protected":false},"excerpt":{"rendered":"<p>Du m\u00f6chtest Mitglied werden? Wir freuen uns auf Dich! Bitte f\u00fclle die Aufnahmeantr\u00e4ge und die Einzugserm\u00e4chtigung aus und sende sie an: info@mfc.heidenheim.com<\/p>\n","protected":false},"author":1,"featured_media":27,"parent":0,"menu_order":0,"comment_status":"closed","ping_status":"closed","template":"","meta":{"ngg_post_thumbnail":0,"footnotes":""},"class_list":["post-1097","page","type-page","status-publish","has-post-thumbnail","hentry"],"_links":{"self":[{"href":"https:\/\/mfc.heidenheim.com\/index.php\/wp-json\/wp\/v2\/pages\/1097","targetHints":{"allow":["GET"]}}],"collection":[{"href":"https:\/\/mfc.heidenheim.com\/index.php\/wp-json\/wp\/v2\/pages"}],"about":[{"href":"https:\/\/mfc.heidenheim.com\/index.php\/wp-json\/wp\/v2\/types\/page"}],"author":[{"embeddable":true,"href":"https:\/\/mfc.heidenheim.com\/index.php\/wp-json\/wp\/v2\/users\/1"}],"replies":[{"embeddable":true,"href":"https:\/\/mfc.heidenheim.com\/index.php\/wp-json\/wp\/v2\/comments?post=1097"}],"version-history":[{"count":1,"href":"https:\/\/mfc.heidenheim.com\/index.php\/wp-json\/wp\/v2\/pages\/1097\/revisions"}],"predecessor-version":[{"id":1099,"href":"https:\/\/mfc.heidenheim.com\/index.php\/wp-json\/wp\/v2\/pages\/1097\/revisions\/1099"}],"wp:featuredmedia":[{"embeddable":true,"href":"https:\/\/mfc.heidenheim.com\/index.php\/wp-json\/wp\/v2\/media\/27"}],"wp:attachment":[{"href":"https:\/\/mfc.heidenheim.com\/index.php\/wp-json\/wp\/v2\/media?parent=1097"}],"curies":[{"name":"wp","href":"https:\/\/api.w.org\/{rel}","templated":true}]}}