{"id":1908,"date":"2024-05-06T19:52:40","date_gmt":"2024-05-06T19:52:40","guid":{"rendered":"https:\/\/mfc.heidenheim.com\/?page_id=1908"},"modified":"2024-05-07T19:35:02","modified_gmt":"2024-05-07T19:35:02","slug":"fliegen-lernen","status":"publish","type":"page","link":"https:\/\/mfc.heidenheim.com\/index.php\/fliegen-lernen\/","title":{"rendered":"Fliegen lernen"},"content":{"rendered":"\n<p><strong>Du willst selber mal ein Modellflugzeug steuern und damit den Einstieg in eines der vielseitigsten und interessantesten Hobbys der Welt meistern?<\/strong> Der MFC- Heidenheim unterst\u00fctzt Dich dabei! Mit unserer &#8222;Lehrer- Sch\u00fcler- Anlage&#8220; kannst Du ganz ohne Sorge vor einem Absturz fliegen. Der Lehrer hat immer die M\u00f6glichkeit mit seinem Sender einzugreifen. So lernst Du mit bew\u00e4hrten Schulungsmodellen das Fliegen und kannst vielleicht schon bald alleine starten.<\/p>\n\n\n\n<p>Bei Interesse schreibe eine mail an <a href=\"info@mfc.heidenheim.com\">info@mfc.heidenheim.com <\/a> oder ruf direkt unseren Fluglehrer an:<\/p>\n\n\n\n<div class=\"wp-block-columns is-layout-flex wp-container-core-columns-is-layout-28f84493 wp-block-columns-is-layout-flex\">\n<div class=\"wp-block-column is-layout-flow wp-block-column-is-layout-flow\" style=\"flex-basis:33.33%\">\n<figure class=\"wp-block-image size-medium\"><img loading=\"lazy\" decoding=\"async\" width=\"226\" height=\"300\" src=\"https:\/\/mfc.heidenheim.com\/wp-content\/uploads\/2024\/05\/PXL_20240505_122457843.PORTRAIT-226x300.jpg\" alt=\"\" class=\"wp-image-1909\" srcset=\"https:\/\/mfc.heidenheim.com\/wp-content\/uploads\/2024\/05\/PXL_20240505_122457843.PORTRAIT-226x300.jpg 226w, https:\/\/mfc.heidenheim.com\/wp-content\/uploads\/2024\/05\/PXL_20240505_122457843.PORTRAIT-771x1024.jpg 771w, https:\/\/mfc.heidenheim.com\/wp-content\/uploads\/2024\/05\/PXL_20240505_122457843.PORTRAIT-2000x2656.jpg 2000w, https:\/\/mfc.heidenheim.com\/wp-content\/uploads\/2024\/05\/PXL_20240505_122457843.PORTRAIT-scaled.jpg 1928w\" sizes=\"auto, (max-width: 226px) 100vw, 226px\" \/><\/figure>\n<\/div>\n\n\n\n<div class=\"wp-block-column is-layout-flow wp-block-column-is-layout-flow\" style=\"flex-basis:66.66%\">\n<p><strong>Thomas Eckle<\/strong><\/p>\n\n\n\n<p><strong>Tel: <\/strong>+49 1727813156<\/p>\n<\/div>\n<\/div>\n\n\n\nngg_shortcode_0_placeholder\n","protected":false},"excerpt":{"rendered":"<p>Du willst selber mal ein Modellflugzeug steuern und damit den Einstieg in eines der vielseitigsten und interessantesten Hobbys der Welt meistern? Der MFC- Heidenheim unterst\u00fctzt Dich dabei! Mit unserer &#8222;Lehrer- Sch\u00fcler- Anlage&#8220; kannst Du ganz ohne Sorge vor einem Absturz fliegen. Der Lehrer hat immer die M\u00f6glichkeit mit seinem Sender einzugreifen. So lernst Du mit &hellip; <\/p>\n<p class=\"link-more\"><a href=\"https:\/\/mfc.heidenheim.com\/index.php\/fliegen-lernen\/\" class=\"more-link\">Mehr <span class=\"screen-reader-text\">\u00fcber &#8222;Fliegen lernen&#8220; <\/span>Lesen<\/a><\/p>\n","protected":false},"author":1,"featured_media":0,"parent":0,"menu_order":0,"comment_status":"closed","ping_status":"closed","template":"","meta":{"ngg_post_thumbnail":0,"footnotes":""},"class_list":["post-1908","page","type-page","status-publish","hentry"],"_links":{"self":[{"href":"https:\/\/mfc.heidenheim.com\/index.php\/wp-json\/wp\/v2\/pages\/1908","targetHints":{"allow":["GET"]}}],"collection":[{"href":"https:\/\/mfc.heidenheim.com\/index.php\/wp-json\/wp\/v2\/pages"}],"about":[{"href":"https:\/\/mfc.heidenheim.com\/index.php\/wp-json\/wp\/v2\/types\/page"}],"author":[{"embeddable":true,"href":"https:\/\/mfc.heidenheim.com\/index.php\/wp-json\/wp\/v2\/users\/1"}],"replies":[{"embeddable":true,"href":"https:\/\/mfc.heidenheim.com\/index.php\/wp-json\/wp\/v2\/comments?post=1908"}],"version-history":[{"count":5,"href":"https:\/\/mfc.heidenheim.com\/index.php\/wp-json\/wp\/v2\/pages\/1908\/revisions"}],"predecessor-version":[{"id":2038,"href":"https:\/\/mfc.heidenheim.com\/index.php\/wp-json\/wp\/v2\/pages\/1908\/revisions\/2038"}],"wp:attachment":[{"href":"https:\/\/mfc.heidenheim.com\/index.php\/wp-json\/wp\/v2\/media?parent=1908"}],"curies":[{"name":"wp","href":"https:\/\/api.w.org\/{rel}","templated":true}]}}