{"id":201,"date":"2024-03-17T08:38:03","date_gmt":"2024-03-17T08:38:03","guid":{"rendered":"https:\/\/neu-mfc.heidenheim.com\/index.php\/colibri-wp\/"},"modified":"2026-04-12T09:56:39","modified_gmt":"2026-04-12T09:56:39","slug":"colibri-wp","status":"publish","type":"page","link":"https:\/\/mfc.heidenheim.com\/","title":{"rendered":""},"content":{"rendered":"\n<h2 class=\"wp-block-heading\"><\/h2>\n\n\n\n<div class=\"wp-block-columns is-layout-flex wp-container-core-columns-is-layout-28f84493 wp-block-columns-is-layout-flex\">\n<div class=\"wp-block-column is-layout-flow wp-block-column-is-layout-flow\" style=\"flex-basis:33.33%\">\n<figure class=\"wp-block-image size-large\"><img loading=\"lazy\" decoding=\"async\" width=\"731\" height=\"1024\" src=\"https:\/\/mfc.heidenheim.com\/wp-content\/uploads\/2024\/03\/Einladung-FF-2026-731x1024.jpg\" alt=\"\" class=\"wp-image-2367\" srcset=\"https:\/\/mfc.heidenheim.com\/wp-content\/uploads\/2024\/03\/Einladung-FF-2026-731x1024.jpg 731w, https:\/\/mfc.heidenheim.com\/wp-content\/uploads\/2024\/03\/Einladung-FF-2026-214x300.jpg 214w, https:\/\/mfc.heidenheim.com\/wp-content\/uploads\/2024\/03\/Einladung-FF-2026-2000x2800.jpg 2000w, https:\/\/mfc.heidenheim.com\/wp-content\/uploads\/2024\/03\/Einladung-FF-2026-scaled.jpg 1829w\" sizes=\"auto, (max-width: 731px) 100vw, 731px\" \/><\/figure>\n<\/div>\n\n\n\n<div class=\"wp-block-column is-layout-flow wp-block-column-is-layout-flow\" style=\"flex-basis:66.66%\">\n<p>Der MFC-Heidenheim l\u00e4dt alle zu einem lockerem Feundschaftsfliegen am Anfang der Saison ein. Geflogen werden darf alles was Fl\u00fcgel oder Rotoren, Schleppkupplung, E- Motor, Verbrenner oder D\u00fcse hat. F\u00fcr F-Schlepp und Verpflegung wird gesorgt. Wir freuen uns auf Dein kommen.<\/p>\n\n\n\n<p>Eine Anmeldung per E-Mail an:&nbsp;<a href=\"mailto:info@mfc.heidenheim.com\">info@mfc.heidenheim.com<\/a>&nbsp;hilft uns bei der Planung.<\/p>\n<\/div>\n<\/div>\n\n\n\n<div class=\"wp-block-columns is-layout-flex wp-container-core-columns-is-layout-28f84493 wp-block-columns-is-layout-flex\">\n<div class=\"wp-block-column is-layout-flow wp-block-column-is-layout-flow\" style=\"flex-basis:33.33%\">\n<figure class=\"wp-block-image size-thumbnail\"><a href=\"https:\/\/mfc.heidenheim.com\/index.php\/bilder\/\"><img loading=\"lazy\" decoding=\"async\" width=\"150\" height=\"150\" src=\"https:\/\/mfc.heidenheim.com\/wp-content\/uploads\/2024\/03\/IMG_20220514_190152605-150x150.jpg\" alt=\"\" class=\"wp-image-132\"\/><\/a><\/figure>\n<\/div>\n\n\n\n<div class=\"wp-block-column is-layout-flow wp-block-column-is-layout-flow\" style=\"flex-basis:66.66%\">\n<p>Du willst sehen was bei uns los war? Hier gehts zu <a href=\"https:\/\/mfc.heidenheim.com\/index.php\/bilder\/\">&#8222;Bilder&#8220;<\/a><\/p>\n<\/div>\n<\/div>\n\n\n\n<div class=\"wp-block-columns is-layout-flex wp-container-core-columns-is-layout-28f84493 wp-block-columns-is-layout-flex\">\n<div class=\"wp-block-column is-layout-flow wp-block-column-is-layout-flow\" style=\"flex-basis:33.33%\">\n<figure class=\"wp-block-image size-thumbnail\"><a href=\"https:\/\/mfc.heidenheim.com\/index.php\/aktuelles\/\"><img loading=\"lazy\" decoding=\"async\" width=\"150\" height=\"150\" src=\"https:\/\/mfc.heidenheim.com\/wp-content\/uploads\/2024\/03\/Jahrestermine-MFC-HDH-150x150.png\" alt=\"\" class=\"wp-image-405\"\/><\/a><\/figure>\n<\/div>\n\n\n\n<div class=\"wp-block-column is-layout-flow wp-block-column-is-layout-flow\" style=\"flex-basis:66.66%\">\n<p>Du willst wissen was in diesem Jahr beim MFC-Heidenheim und den umliegenden Vereinen ansteht? Hier gehts zu <a href=\"https:\/\/mfc.heidenheim.com\/index.php\/aktuelles\/\">&#8222;Aktuelles&#8220;<\/a><\/p>\n<\/div>\n<\/div>\n\n\n\n<div class=\"wp-block-columns is-layout-flex wp-container-core-columns-is-layout-28f84493 wp-block-columns-is-layout-flex\">\n<div class=\"wp-block-column is-layout-flow wp-block-column-is-layout-flow\" style=\"flex-basis:33.33%\">\n<figure class=\"wp-block-image size-thumbnail\"><a href=\"https:\/\/mfc.heidenheim.com\/index.php\/flugplatz\/\"><img loading=\"lazy\" decoding=\"async\" width=\"150\" height=\"150\" src=\"https:\/\/mfc.heidenheim.com\/wp-content\/uploads\/2024\/03\/Anfahrt_MFC-Platz-150x150.jpg\" alt=\"\" class=\"wp-image-247\"\/><\/a><\/figure>\n<\/div>\n\n\n\n<div class=\"wp-block-column is-layout-flow wp-block-column-is-layout-flow\" style=\"flex-basis:66.66%\">\n<p>Du willst wissen wie Du zum Platz kommst und was Du als Gastpilot zu beachten hast? Hier gehts zu <a href=\"https:\/\/mfc.heidenheim.com\/index.php\/flugplatz\/\">&#8222;Flugplatz&#8220;<\/a><\/p>\n<\/div>\n<\/div>\n\n\n\n<div class=\"wp-block-columns is-layout-flex wp-container-core-columns-is-layout-28f84493 wp-block-columns-is-layout-flex\">\n<div class=\"wp-block-column is-layout-flow wp-block-column-is-layout-flow\" style=\"flex-basis:33.33%\">\n<figure class=\"wp-block-image size-thumbnail\"><a href=\"https:\/\/mfc.heidenheim.com\/index.php\/fliegen-lernen\/\"><img loading=\"lazy\" decoding=\"async\" width=\"150\" height=\"150\" src=\"https:\/\/mfc.heidenheim.com\/wp-content\/uploads\/2024\/05\/IMG-20220515-WA0005-150x150.jpg\" alt=\"\" class=\"wp-image-1927\"\/><\/a><\/figure>\n<\/div>\n\n\n\n<div class=\"wp-block-column is-layout-flow wp-block-column-is-layout-flow\" style=\"flex-basis:66.66%\">\n<p><a href=\"https:\/\/mfc.heidenheim.com\/index.php\/fliegen-lernen\/\">Du m\u00f6chtest selber Modell fliegen lernen?<\/a><\/p>\n<\/div>\n<\/div>\n\n\n\n<div class=\"wp-block-columns is-layout-flex wp-container-core-columns-is-layout-28f84493 wp-block-columns-is-layout-flex\">\n<div class=\"wp-block-column is-layout-flow wp-block-column-is-layout-flow\" style=\"flex-basis:33.33%\">\n<figure class=\"wp-block-image size-thumbnail\"><a href=\"https:\/\/mfc.heidenheim.com\/index.php\/mitglied-werden\/\"><img loading=\"lazy\" decoding=\"async\" width=\"150\" height=\"150\" src=\"https:\/\/mfc.heidenheim.com\/wp-content\/uploads\/Startseite\/cropped-logo-2-150x150.gif\" alt=\"\" class=\"wp-image-214\"\/><\/a><\/figure>\n<\/div>\n\n\n\n<div class=\"wp-block-column is-layout-flow wp-block-column-is-layout-flow\" style=\"flex-basis:66.66%\">\n<p>Du m\u00f6chtest mehr \u00fcber den Verein erfahren oder Mitglied werden? Hier gehts zu <a href=\"https:\/\/mfc.heidenheim.com\/index.php\/mitglied-werden\/\">&#8222;Verein&#8220;<\/a><\/p>\n<\/div>\n<\/div>\n\n\n\n<div class=\"wp-block-columns is-layout-flex wp-container-core-columns-is-layout-28f84493 wp-block-columns-is-layout-flex\">\n<div class=\"wp-block-column is-layout-flow wp-block-column-is-layout-flow\" style=\"flex-basis:33.33%\">\n<figure class=\"wp-block-image size-full\"><img loading=\"lazy\" decoding=\"async\" width=\"150\" height=\"150\" src=\"https:\/\/mfc.heidenheim.com\/wp-content\/uploads\/2024\/03\/290646055_1005723176753257_3499865704589849709_n.jpg\" alt=\"\" class=\"wp-image-416\"\/><\/figure>\n<\/div>\n\n\n\n<div class=\"wp-block-column is-layout-flow wp-block-column-is-layout-flow\" style=\"flex-basis:66.66%\">\n<p>Du m\u00f6chtest uns auf <a href=\"https:\/\/www.instagram.com\/mfc_heidenheim\/\" target=\"_blank\" rel=\"noreferrer noopener\">Instagram <\/a>folgen? <\/p>\n<\/div>\n<\/div>\n\n\n\n<p><\/p>\n","protected":false},"excerpt":{"rendered":"<p>Der MFC-Heidenheim l\u00e4dt alle zu einem lockerem Feundschaftsfliegen am Anfang der Saison ein. Geflogen werden darf alles was Fl\u00fcgel oder Rotoren, Schleppkupplung, E- Motor, Verbrenner oder D\u00fcse hat. F\u00fcr F-Schlepp und Verpflegung wird gesorgt. Wir freuen uns auf Dein kommen. Eine Anmeldung per E-Mail an:&nbsp;info@mfc.heidenheim.com&nbsp;hilft uns bei der Planung. Du willst sehen was bei uns &hellip; <\/p>\n<p class=\"link-more\"><a href=\"https:\/\/mfc.heidenheim.com\/\" class=\"more-link\">Mehr <span class=\"screen-reader-text\">\u00fcber &#8222;&#8220; <\/span>Lesen<\/a><\/p>\n","protected":false},"author":1,"featured_media":0,"parent":0,"menu_order":0,"comment_status":"closed","ping_status":"closed","template":"","meta":{"ngg_post_thumbnail":0,"footnotes":""},"class_list":["post-201","page","type-page","status-publish","hentry"],"_links":{"self":[{"href":"https:\/\/mfc.heidenheim.com\/index.php\/wp-json\/wp\/v2\/pages\/201","targetHints":{"allow":["GET"]}}],"collection":[{"href":"https:\/\/mfc.heidenheim.com\/index.php\/wp-json\/wp\/v2\/pages"}],"about":[{"href":"https:\/\/mfc.heidenheim.com\/index.php\/wp-json\/wp\/v2\/types\/page"}],"author":[{"embeddable":true,"href":"https:\/\/mfc.heidenheim.com\/index.php\/wp-json\/wp\/v2\/users\/1"}],"replies":[{"embeddable":true,"href":"https:\/\/mfc.heidenheim.com\/index.php\/wp-json\/wp\/v2\/comments?post=201"}],"version-history":[{"count":28,"href":"https:\/\/mfc.heidenheim.com\/index.php\/wp-json\/wp\/v2\/pages\/201\/revisions"}],"predecessor-version":[{"id":2437,"href":"https:\/\/mfc.heidenheim.com\/index.php\/wp-json\/wp\/v2\/pages\/201\/revisions\/2437"}],"wp:attachment":[{"href":"https:\/\/mfc.heidenheim.com\/index.php\/wp-json\/wp\/v2\/media?parent=201"}],"curies":[{"name":"wp","href":"https:\/\/api.w.org\/{rel}","templated":true}]}}