{"id":246,"date":"2024-03-17T13:53:05","date_gmt":"2024-03-17T13:53:05","guid":{"rendered":"https:\/\/neu-mfc.heidenheim.com\/?page_id=246"},"modified":"2024-03-17T14:27:06","modified_gmt":"2024-03-17T14:27:06","slug":"anfahrt-zum-flugplatz","status":"publish","type":"page","link":"https:\/\/mfc.heidenheim.com\/index.php\/anfahrt-zum-flugplatz\/","title":{"rendered":"Anfahrt zum Flugplatz"},"content":{"rendered":"\n<p><strong>Anfahrtbeschreibung:<\/strong><\/p>\n\n\n\n<p>An der Kreuzung in die Kapellstra\u00dfe (Richtung Ost) einbiegen und dem Stra\u00dfenverlauf folgen. Nach dem Fu\u00dfg\u00e4nger\u00fcberweg die zweite Stra\u00dfe (30km\/h) links abbiegen und dem Stra\u00dfenverlauf weiter Richtung Osten folgen. Nach dem Ortsschild die erste Weggabelung links und an der zweiten Weggabelung rechts halten. Der Stra\u00dfe \u00fcber den Damm folgen und an der 3.Abzweigung links den Berg hinauf fahren.<\/p>\n\n\n\n<p><strong>Achtung:<\/strong>&nbsp; Hier ist mit Flugverkehr zu rechnen.<\/p>\n\n\n\n<p>&nbsp;&nbsp;&nbsp;&nbsp;&nbsp;&nbsp;&nbsp;&nbsp;&nbsp;&nbsp;&nbsp;&nbsp;&nbsp;&nbsp;&nbsp;&nbsp;&nbsp;&nbsp;&nbsp;&nbsp;&nbsp;&nbsp;&nbsp;&nbsp;&nbsp;&nbsp;&nbsp;&nbsp;&nbsp;&nbsp;&nbsp;&nbsp;&nbsp;&nbsp;&nbsp;&nbsp;&nbsp;&nbsp;&nbsp;&nbsp;&nbsp;&nbsp; &nbsp; &nbsp; &nbsp; &nbsp; &nbsp; &nbsp; &nbsp; &nbsp; &nbsp; &nbsp; &nbsp; &nbsp; &nbsp; &nbsp; &nbsp; &nbsp; &nbsp; &nbsp; &nbsp;&nbsp;&nbsp;&nbsp;&nbsp;&nbsp;&nbsp;&nbsp;&nbsp;&nbsp;&nbsp;&nbsp;&nbsp;&nbsp;&nbsp;&nbsp;&nbsp;&nbsp;&nbsp;&nbsp;&nbsp;&nbsp;&nbsp;&nbsp;&nbsp;&nbsp;&nbsp;&nbsp;&nbsp;&nbsp;&nbsp;&nbsp;&nbsp;&nbsp;&nbsp;&nbsp;&nbsp;&nbsp;&nbsp;&nbsp;&nbsp;&nbsp;&nbsp;&nbsp;&nbsp;&nbsp;&nbsp;&nbsp;&nbsp;&nbsp;&nbsp;&nbsp;&nbsp;&nbsp;&nbsp;&nbsp;&nbsp;&nbsp;&nbsp;&nbsp;&nbsp;&nbsp;&nbsp;&nbsp;&nbsp;&nbsp;&nbsp;&nbsp;&nbsp;&nbsp;&nbsp;&nbsp;&nbsp;&nbsp;&nbsp;&nbsp;&nbsp; &nbsp; &nbsp; &nbsp; &nbsp; &nbsp;&nbsp;&nbsp;<strong>Umweltplakette:&nbsp;<\/strong>&nbsp; ab 2013 GR\u00dcN<\/p>\n\n\n\n<p><strong>Koordinaten:<\/strong>&nbsp; 48\u00b043&#8217;07&#8220; Nord &#8211; 10\u00b011&#8217;33&#8220; Ost<\/p>\n\n\n\n<p>&nbsp;&nbsp;&nbsp;&nbsp;&nbsp;&nbsp;&nbsp;&nbsp;&nbsp;&nbsp;&nbsp;&nbsp; &nbsp; &nbsp;&nbsp;&nbsp;&nbsp;&nbsp;&nbsp;&nbsp; 48.718511,&nbsp;&nbsp;&nbsp;&nbsp;&nbsp;&nbsp;&nbsp;&nbsp;&nbsp; 10.192500<\/p>\n\n\n\n<p><strong>Navigation:<\/strong>&nbsp; 89520 Heidenheim Hinteres M\u00f6hntal<\/p>\n\n\n\n<figure class=\"wp-block-image size-large\"><img loading=\"lazy\" decoding=\"async\" width=\"1024\" height=\"717\" src=\"https:\/\/neu-mfc.heidenheim.com\/wp-content\/uploads\/2024\/03\/Anfahrt_MFC-Platz-1024x717.jpg\" alt=\"\" class=\"wp-image-247\" srcset=\"https:\/\/mfc.heidenheim.com\/wp-content\/uploads\/2024\/03\/Anfahrt_MFC-Platz-1024x717.jpg 1024w, https:\/\/mfc.heidenheim.com\/wp-content\/uploads\/2024\/03\/Anfahrt_MFC-Platz-300x210.jpg 300w, https:\/\/mfc.heidenheim.com\/wp-content\/uploads\/2024\/03\/Anfahrt_MFC-Platz-2000x1401.jpg 2000w\" sizes=\"auto, (max-width: 1024px) 100vw, 1024px\" \/><\/figure>\n","protected":false},"excerpt":{"rendered":"<p>Anfahrtbeschreibung: An der Kreuzung in die Kapellstra\u00dfe (Richtung Ost) einbiegen und dem Stra\u00dfenverlauf folgen. Nach dem Fu\u00dfg\u00e4nger\u00fcberweg die zweite Stra\u00dfe (30km\/h) links abbiegen und dem Stra\u00dfenverlauf weiter Richtung Osten folgen. Nach dem Ortsschild die erste Weggabelung links und an der zweiten Weggabelung rechts halten. Der Stra\u00dfe \u00fcber den Damm folgen und an der 3.Abzweigung links &hellip; <\/p>\n<p class=\"link-more\"><a href=\"https:\/\/mfc.heidenheim.com\/index.php\/anfahrt-zum-flugplatz\/\" class=\"more-link\">Mehr <span class=\"screen-reader-text\">\u00fcber &#8222;Anfahrt zum Flugplatz&#8220; <\/span>Lesen<\/a><\/p>\n","protected":false},"author":1,"featured_media":27,"parent":0,"menu_order":0,"comment_status":"closed","ping_status":"closed","template":"","meta":{"ngg_post_thumbnail":0,"footnotes":""},"class_list":["post-246","page","type-page","status-publish","has-post-thumbnail","hentry"],"_links":{"self":[{"href":"https:\/\/mfc.heidenheim.com\/index.php\/wp-json\/wp\/v2\/pages\/246","targetHints":{"allow":["GET"]}}],"collection":[{"href":"https:\/\/mfc.heidenheim.com\/index.php\/wp-json\/wp\/v2\/pages"}],"about":[{"href":"https:\/\/mfc.heidenheim.com\/index.php\/wp-json\/wp\/v2\/types\/page"}],"author":[{"embeddable":true,"href":"https:\/\/mfc.heidenheim.com\/index.php\/wp-json\/wp\/v2\/users\/1"}],"replies":[{"embeddable":true,"href":"https:\/\/mfc.heidenheim.com\/index.php\/wp-json\/wp\/v2\/comments?post=246"}],"version-history":[{"count":1,"href":"https:\/\/mfc.heidenheim.com\/index.php\/wp-json\/wp\/v2\/pages\/246\/revisions"}],"predecessor-version":[{"id":249,"href":"https:\/\/mfc.heidenheim.com\/index.php\/wp-json\/wp\/v2\/pages\/246\/revisions\/249"}],"wp:featuredmedia":[{"embeddable":true,"href":"https:\/\/mfc.heidenheim.com\/index.php\/wp-json\/wp\/v2\/media\/27"}],"wp:attachment":[{"href":"https:\/\/mfc.heidenheim.com\/index.php\/wp-json\/wp\/v2\/media?parent=246"}],"curies":[{"name":"wp","href":"https:\/\/api.w.org\/{rel}","templated":true}]}}