{"id":250,"date":"2024-03-17T13:56:11","date_gmt":"2024-03-17T13:56:11","guid":{"rendered":"https:\/\/neu-mfc.heidenheim.com\/?page_id=250"},"modified":"2024-03-17T13:56:11","modified_gmt":"2024-03-17T13:56:11","slug":"gastflieger","status":"publish","type":"page","link":"https:\/\/mfc.heidenheim.com\/index.php\/gastflieger\/","title":{"rendered":"Gastflieger"},"content":{"rendered":"\n<p><strong><br>G\u00e4ste des MFC-Heidenheim e.V. d\u00fcrfen unseren Modellflugplatz benutzen, wenn sie eine g\u00fcltige\u00a0<u>DMFV Modellhaftpflicht-Versicherung<\/u> und einen g\u00fcltigen Kenntnissnachweis\u00a0besitzen und wenn sie von einem aktiven* Mitglied eingewiesen worden sind.<\/strong><\/p>\n\n\n\n<p><strong>Gastflieger werden nach der Bezahlung einer Tages-Mitgliedschaftsgeb\u00fcr von 3,-\u20ac (Flugordnung II.;1.;a.)&nbsp; vom einweisenden aktiven* MFC-Mitglied in das ausliegende Flugbuch** des MFC-Heidenheim e.V. als Tages-Mitglied eingetragen.&nbsp;<\/strong><\/p>\n\n\n\n<p><strong>Eine Einweisung ist erforderlich, weil der Modellflugplatz vom RP-Stgt zugelassen ist, und weil dadurch besondere Auflagen zu befolgen sind!<\/strong><\/p>\n\n\n\n<p><strong>Die Zulassung erlaubt:<\/strong><\/p>\n\n\n\n<p><strong>&nbsp;&nbsp;&nbsp;&nbsp;&nbsp;&nbsp;&nbsp;&nbsp;&nbsp;&nbsp;&nbsp;&nbsp;&nbsp;&nbsp;&nbsp;&nbsp;&nbsp;&nbsp;&nbsp;&nbsp;&nbsp;&nbsp;&nbsp;&nbsp;&nbsp;&nbsp;&nbsp;&nbsp;&nbsp;&nbsp;&nbsp;Max. Fluggewicht: 50kg***<\/strong><\/p>\n\n\n\n<p><strong>&nbsp;&nbsp;&nbsp;&nbsp;&nbsp;&nbsp;&nbsp;&nbsp;&nbsp;&nbsp;&nbsp;&nbsp;&nbsp;&nbsp;&nbsp;&nbsp;&nbsp;&nbsp;&nbsp;&nbsp;&nbsp;&nbsp;&nbsp;&nbsp;&nbsp;&nbsp;&nbsp;&nbsp;&nbsp;&nbsp;&nbsp;Max. Flugraum: 1000m Ost-West x 500m S\u00fcd<\/strong><\/p>\n\n\n\n<p><strong>&nbsp;&nbsp;&nbsp;&nbsp;&nbsp;&nbsp;&nbsp;&nbsp;&nbsp;&nbsp;&nbsp;&nbsp;&nbsp;&nbsp;&nbsp;&nbsp;&nbsp;&nbsp;&nbsp;&nbsp;&nbsp;&nbsp;&nbsp;&nbsp;&nbsp;&nbsp;&nbsp;&nbsp;&nbsp;&nbsp;&nbsp;Max. 8 Flugmodelle mit V-Motor gleichzeitig<\/strong><\/p>\n\n\n\n<p><strong>&nbsp;&nbsp;&nbsp;&nbsp;&nbsp;&nbsp;&nbsp;&nbsp;&nbsp;&nbsp;&nbsp;&nbsp;&nbsp;&nbsp;&nbsp;&nbsp;&nbsp;&nbsp;&nbsp;&nbsp;&nbsp;&nbsp;&nbsp;&nbsp;&nbsp;&nbsp;&nbsp;&nbsp;&nbsp;&nbsp;&nbsp;Max. 2 Flugmodell mit V-Motor \u00fcber 25kg<\/strong><\/p>\n\n\n\n<p><strong>&nbsp;&nbsp;&nbsp;&nbsp;&nbsp;&nbsp;&nbsp;&nbsp;&nbsp;&nbsp;&nbsp;&nbsp;&nbsp;&nbsp;&nbsp;&nbsp;&nbsp;&nbsp;&nbsp;&nbsp;&nbsp;&nbsp;&nbsp;&nbsp;&nbsp;&nbsp;&nbsp;&nbsp;&nbsp;&nbsp;&nbsp;Gleichzeitiger Betrieb von &gt;25kg und &lt;25kg ist nicht zul\u00e4ssig.<\/strong><\/p>\n\n\n\n<ul class=\"wp-block-list\">\n<li><strong>Gastflieger d\u00fcrfen den Modellflugplatz des MFC-Heidenheim&nbsp;<u>nur in Begleitung<\/u>&nbsp;eines aktiven Mitgliedes des MFC-Heidenheim benutzen.<\/strong><\/li>\n\n\n\n<li><strong>Nach dreimaliger Benutzung des Modellfluggel\u00e4ndes hat sich der Anf\u00e4nger\/Gast \u00fcber einen Beitritt zum<\/strong><strong>Modellflugclub Heidenheim e.V. zu entscheiden.<\/strong><\/li>\n\n\n\n<li><strong>Verbrennungsmotor-Modelle d\u00fcrfen nur mit&nbsp;<u>g\u00fcltigem L\u00e4rmpass<\/u>&nbsp;betrieben werden.<\/strong><\/li>\n\n\n\n<li><strong>Gastflieger d\u00fcrfen auf unserem Platz&nbsp;<u>keine Turbinen-Modelle<\/u>&nbsp;betreiben. Ausnahmen k\u00f6nnen gemacht werden:<\/strong><\/li>\n<\/ul>\n\n\n\n<p><strong>&nbsp;&nbsp;&nbsp;&nbsp;&nbsp;&nbsp;&nbsp;&nbsp;&nbsp;&nbsp;&nbsp;&nbsp;&nbsp;&nbsp; a.) bei \u00f6ffentlichen Veranstaltungen und<\/strong><\/p>\n\n\n\n<p><strong>&nbsp;&nbsp;&nbsp;&nbsp;&nbsp;&nbsp;&nbsp;&nbsp;&nbsp;&nbsp;&nbsp;&nbsp;&nbsp;&nbsp; b.) durch eine Genehmigung des 1.Vorstandes<\/strong><\/p>\n\n\n\n<p>&nbsp;<em>*** Modelle \u00fcber 25kg m\u00fcssen eine&nbsp;<u>g\u00fcltige Zulassung<\/u>&nbsp;besitzen und der Steuerer muss einen g\u00fcltige&nbsp;<u>Piloten-Lizenz<\/u>&nbsp;vorweisen<\/em><\/p>\n\n\n\n<p><em>&nbsp;&nbsp;&nbsp; k\u00f6nnen, die ihn zum F\u00fchren von Modellflugzeugen \u00fcber 25 kg berechtigen.<\/em><\/p>\n\n\n\n<p>&nbsp;<em>**Flugbuch = Flugleiter-Tagesbericht<\/em>&nbsp;<em>des MFC-Heidenheim e.V.<\/em><\/p>\n\n\n\n<p>&nbsp;<em>* aktive Mitglieder sind Mitglieder, die in der aktuellen Flugleiterliste aufgef\u00fchrt sind.(Schaukasten od. Flugleiterbuch)<\/em><\/p>\n\n\n\n<p><strong>Holm- und Rippenbruch w\u00fcnscht<\/strong><\/p>\n\n\n\n<p><strong>Die Vorstandschaft<\/strong><\/p>\n","protected":false},"excerpt":{"rendered":"<p>G\u00e4ste des MFC-Heidenheim e.V. d\u00fcrfen unseren Modellflugplatz benutzen, wenn sie eine g\u00fcltige\u00a0DMFV Modellhaftpflicht-Versicherung und einen g\u00fcltigen Kenntnissnachweis\u00a0besitzen und wenn sie von einem aktiven* Mitglied eingewiesen worden sind. Gastflieger werden nach der Bezahlung einer Tages-Mitgliedschaftsgeb\u00fcr von 3,-\u20ac (Flugordnung II.;1.;a.)&nbsp; vom einweisenden aktiven* MFC-Mitglied in das ausliegende Flugbuch** des MFC-Heidenheim e.V. als Tages-Mitglied eingetragen.&nbsp; Eine Einweisung ist &hellip; <\/p>\n<p class=\"link-more\"><a href=\"https:\/\/mfc.heidenheim.com\/index.php\/gastflieger\/\" class=\"more-link\">Mehr <span class=\"screen-reader-text\">\u00fcber &#8222;Gastflieger&#8220; <\/span>Lesen<\/a><\/p>\n","protected":false},"author":1,"featured_media":0,"parent":0,"menu_order":0,"comment_status":"closed","ping_status":"closed","template":"","meta":{"ngg_post_thumbnail":0,"footnotes":""},"class_list":["post-250","page","type-page","status-publish","hentry"],"_links":{"self":[{"href":"https:\/\/mfc.heidenheim.com\/index.php\/wp-json\/wp\/v2\/pages\/250","targetHints":{"allow":["GET"]}}],"collection":[{"href":"https:\/\/mfc.heidenheim.com\/index.php\/wp-json\/wp\/v2\/pages"}],"about":[{"href":"https:\/\/mfc.heidenheim.com\/index.php\/wp-json\/wp\/v2\/types\/page"}],"author":[{"embeddable":true,"href":"https:\/\/mfc.heidenheim.com\/index.php\/wp-json\/wp\/v2\/users\/1"}],"replies":[{"embeddable":true,"href":"https:\/\/mfc.heidenheim.com\/index.php\/wp-json\/wp\/v2\/comments?post=250"}],"version-history":[{"count":1,"href":"https:\/\/mfc.heidenheim.com\/index.php\/wp-json\/wp\/v2\/pages\/250\/revisions"}],"predecessor-version":[{"id":252,"href":"https:\/\/mfc.heidenheim.com\/index.php\/wp-json\/wp\/v2\/pages\/250\/revisions\/252"}],"wp:attachment":[{"href":"https:\/\/mfc.heidenheim.com\/index.php\/wp-json\/wp\/v2\/media?parent=250"}],"curies":[{"name":"wp","href":"https:\/\/api.w.org\/{rel}","templated":true}]}}