{"id":300,"date":"2024-03-17T15:01:34","date_gmt":"2024-03-17T15:01:34","guid":{"rendered":"https:\/\/neu-mfc.heidenheim.com\/?page_id=300"},"modified":"2026-04-12T09:42:29","modified_gmt":"2026-04-12T09:42:29","slug":"vorstandschaft","status":"publish","type":"page","link":"https:\/\/mfc.heidenheim.com\/index.php\/vorstandschaft\/","title":{"rendered":"Vorstandschaft &#038; Beisitzer"},"content":{"rendered":"\n<h2 class=\"wp-block-heading\">Vorstandschaft<\/h2>\n\n\n\n<p><\/p>\n\n\n\n<div class=\"wp-block-group has-global-padding is-layout-constrained wp-block-group-is-layout-constrained\">\n<div class=\"wp-block-columns is-layout-flex wp-container-core-columns-is-layout-28f84493 wp-block-columns-is-layout-flex\">\n<div class=\"wp-block-column is-layout-flow wp-block-column-is-layout-flow\" style=\"flex-basis:33.33%\">\n<figure class=\"wp-block-image size-full is-resized\"><img loading=\"lazy\" decoding=\"async\" width=\"627\" height=\"627\" src=\"https:\/\/neu-mfc.heidenheim.com\/wp-content\/uploads\/2024\/03\/Reiner.jpg\" alt=\"\" class=\"wp-image-306\" style=\"width:239px;height:auto\" srcset=\"https:\/\/mfc.heidenheim.com\/wp-content\/uploads\/2024\/03\/Reiner.jpg 627w, https:\/\/mfc.heidenheim.com\/wp-content\/uploads\/2024\/03\/Reiner-300x300.jpg 300w, https:\/\/mfc.heidenheim.com\/wp-content\/uploads\/2024\/03\/Reiner-150x150.jpg 150w\" sizes=\"auto, (max-width: 627px) 100vw, 627px\" \/><\/figure>\n<\/div>\n\n\n\n<div class=\"wp-block-column is-layout-flow wp-block-column-is-layout-flow\" style=\"flex-basis:70%\">\n<p class=\"has-small-font-size\"><strong>1. Vorstand:<\/strong> <\/p>\n\n\n\n<p class=\"has-x-small-font-size\">Reiner Gaschler<\/p>\n\n\n\n<p class=\"has-x-small-font-size\">&nbsp;Friedenstra\u00dfe 13<\/p>\n\n\n\n<p class=\"has-x-small-font-size\">&nbsp;89555 Steinheim<\/p>\n\n\n\n<p class=\"has-x-small-font-size\">&nbsp;Tel: 07329-5168<\/p>\n\n\n\n<p>&nbsp;E-Mailkontakt: <a href=\"mailto:info@mfc.heidenheim.com\">info@mfc.heidenheim.com<\/a><\/p>\n<\/div>\n<\/div>\n<\/div>\n\n\n\n<div class=\"wp-block-columns is-layout-flex wp-container-core-columns-is-layout-28f84493 wp-block-columns-is-layout-flex\">\n<div class=\"wp-block-column is-layout-flow wp-block-column-is-layout-flow\" style=\"flex-basis:33.33%\">\n<figure class=\"wp-block-image size-full is-resized\"><img loading=\"lazy\" decoding=\"async\" width=\"608\" height=\"603\" src=\"https:\/\/neu-mfc.heidenheim.com\/wp-content\/uploads\/2024\/03\/Gregor.jpg\" alt=\"\" class=\"wp-image-315\" style=\"width:239px;height:auto\" srcset=\"https:\/\/mfc.heidenheim.com\/wp-content\/uploads\/2024\/03\/Gregor.jpg 608w, https:\/\/mfc.heidenheim.com\/wp-content\/uploads\/2024\/03\/Gregor-300x298.jpg 300w, https:\/\/mfc.heidenheim.com\/wp-content\/uploads\/2024\/03\/Gregor-150x150.jpg 150w\" sizes=\"auto, (max-width: 608px) 100vw, 608px\" \/><\/figure>\n<\/div>\n\n\n\n<div class=\"wp-block-column is-layout-flow wp-block-column-is-layout-flow\" style=\"flex-basis:70%\">\n<p class=\"has-small-font-size\"><strong>2. Vorstand:<\/strong> <\/p>\n\n\n\n<p class=\"has-x-small-font-size\">Gregor Muhs<\/p>\n\n\n\n<p class=\"has-x-small-font-size\">Josef Weiss Stra\u00dfe 6<\/p>\n\n\n\n<p class=\"has-x-small-font-size\">89522 Heidenheim<\/p>\n\n\n\n<p class=\"has-x-small-font-size\">Tel: 07321-946396<\/p>\n\n\n\n<p>E-Mailkontakt: <a href=\"mailto:info@mfc.heidenheim.com\">info@mfc.heidenheim.com<\/a><\/p>\n<\/div>\n<\/div>\n\n\n\n<div class=\"wp-block-columns is-layout-flex wp-container-core-columns-is-layout-28f84493 wp-block-columns-is-layout-flex\">\n<div class=\"wp-block-column is-layout-flow wp-block-column-is-layout-flow\" style=\"flex-basis:33.33%\">\n<figure class=\"wp-block-image size-full is-resized\"><img loading=\"lazy\" decoding=\"async\" width=\"662\" height=\"637\" src=\"https:\/\/neu-mfc.heidenheim.com\/wp-content\/uploads\/2024\/03\/DSC09891.jpg\" alt=\"\" class=\"wp-image-314\" style=\"width:239px;height:auto\" srcset=\"https:\/\/mfc.heidenheim.com\/wp-content\/uploads\/2024\/03\/DSC09891.jpg 662w, https:\/\/mfc.heidenheim.com\/wp-content\/uploads\/2024\/03\/DSC09891-300x289.jpg 300w\" sizes=\"auto, (max-width: 662px) 100vw, 662px\" \/><\/figure>\n<\/div>\n\n\n\n<div class=\"wp-block-column is-layout-flow wp-block-column-is-layout-flow\" style=\"flex-basis:70%\">\n<p class=\"has-small-font-size\"><strong>Kassier<\/strong><\/p>\n\n\n\n<p class=\"has-x-small-font-size\">Steffen Schr\u00f6der<\/p>\n\n\n\n<p class=\"has-x-small-font-size\">Wilhelm Busch Stra\u00dfe 10<\/p>\n\n\n\n<p class=\"has-x-small-font-size\">73450 Neresheim<\/p>\n\n\n\n<p class=\"has-x-small-font-size\">Tel: 073679-23140<\/p>\n\n\n\n<p>E-Mailkontakt: <a href=\"mailto:info@mfc.heidenheim.com\">info@mfc.heidenheim.com<\/a><\/p>\n<\/div>\n<\/div>\n\n\n\n<div class=\"wp-block-columns is-layout-flex wp-container-core-columns-is-layout-28f84493 wp-block-columns-is-layout-flex\">\n<div class=\"wp-block-column is-layout-flow wp-block-column-is-layout-flow\" style=\"flex-basis:33.33%\"><\/div>\n\n\n\n<div class=\"wp-block-column is-layout-flow wp-block-column-is-layout-flow\" style=\"flex-basis:70%\">\n<p class=\"has-small-font-size\"><strong>Schriftf\u00fchrer<\/strong><\/p>\n\n\n\n<p class=\"has-x-small-font-size\">Bernd Lux<\/p>\n\n\n\n<p class=\"has-x-small-font-size\">Siebenb\u00fcrgenstra\u00dfe 3<\/p>\n\n\n\n<p class=\"has-x-small-font-size\">89555 Steinheim<\/p>\n\n\n\n<p class=\"has-x-small-font-size\">Tel: 07329-323<\/p>\n\n\n\n<p>E-Mailkontakt: <a href=\"mailto:info@mfc.heidenheim.com\">info@mfc.heidenheim.com<\/a><\/p>\n<\/div>\n<\/div>\n\n\n\n<hr class=\"wp-block-separator has-alpha-channel-opacity\"\/>\n\n\n\n<h2 class=\"wp-block-heading\">Beisitzer<\/h2>\n\n\n\n<div class=\"wp-block-columns is-layout-flex wp-container-core-columns-is-layout-28f84493 wp-block-columns-is-layout-flex\">\n<div class=\"wp-block-column is-layout-flow wp-block-column-is-layout-flow\" style=\"flex-basis:33.33%\">\n<figure class=\"wp-block-image size-full is-resized\"><img loading=\"lazy\" decoding=\"async\" width=\"649\" height=\"642\" src=\"https:\/\/neu-mfc.heidenheim.com\/wp-content\/uploads\/2024\/03\/Axel.jpg\" alt=\"\" class=\"wp-image-301\" style=\"width:239px;height:auto\" srcset=\"https:\/\/mfc.heidenheim.com\/wp-content\/uploads\/2024\/03\/Axel.jpg 649w, https:\/\/mfc.heidenheim.com\/wp-content\/uploads\/2024\/03\/Axel-300x297.jpg 300w\" sizes=\"auto, (max-width: 649px) 100vw, 649px\" \/><\/figure>\n<\/div>\n\n\n\n<div class=\"wp-block-column is-layout-flow wp-block-column-is-layout-flow\" style=\"flex-basis:70%\">\n<p class=\"has-small-font-size\"><strong>Festwirt<\/strong><\/p>\n\n\n\n<p class=\"has-x-small-font-size\">Axel Schr\u00f6der<\/p>\n\n\n\n<p class=\"has-x-small-font-size\">Otto-Schott-Stra\u00dfe 15\/1<\/p>\n\n\n\n<p class=\"has-x-small-font-size\">73431 Aalen<\/p>\n\n\n\n<p class=\"has-x-small-font-size\">Tel: 07361-558422<\/p>\n\n\n\n<p>E-Mailkontakt: <a href=\"mailto:info@mfc.heidenheim.com\">info@mfc.heidenheim.com<\/a><\/p>\n<\/div>\n<\/div>\n\n\n\n<div class=\"wp-block-columns is-layout-flex wp-container-core-columns-is-layout-28f84493 wp-block-columns-is-layout-flex\">\n<div class=\"wp-block-column is-layout-flow wp-block-column-is-layout-flow\" style=\"flex-basis:33.33%\">\n<figure class=\"wp-block-image size-large is-resized\"><img loading=\"lazy\" decoding=\"async\" width=\"832\" height=\"1024\" src=\"https:\/\/mfc.heidenheim.com\/wp-content\/uploads\/2026\/04\/Waldemar-832x1024.jpg\" alt=\"\" class=\"wp-image-2426\" style=\"width:239px\" srcset=\"https:\/\/mfc.heidenheim.com\/wp-content\/uploads\/2026\/04\/Waldemar-832x1024.jpg 832w, https:\/\/mfc.heidenheim.com\/wp-content\/uploads\/2026\/04\/Waldemar-244x300.jpg 244w, https:\/\/mfc.heidenheim.com\/wp-content\/uploads\/2026\/04\/Waldemar.jpg 900w\" sizes=\"auto, (max-width: 832px) 100vw, 832px\" \/><\/figure>\n<\/div>\n\n\n\n<div class=\"wp-block-column is-layout-flow wp-block-column-is-layout-flow\" style=\"flex-basis:70%\">\n<p class=\"has-small-font-size\"><strong>Ger\u00e4tewart<\/strong><\/p>\n\n\n\n<p class=\"has-x-small-font-size\">Waldemar Sch\u00e4fer<\/p>\n\n\n\n<p class=\"has-x-small-font-size\">Franz-Mark-Stra\u00dfe 2<\/p>\n\n\n\n<p class=\"has-x-small-font-size\">89520 Heidenheim<\/p>\n\n\n\n<p class=\"has-x-small-font-size\">Tel: 07321-63896<\/p>\n\n\n\n<p>E-Mailkontakt: <a href=\"mailto:info@mfc.heidenheim.com\">info@mfc.heidenheim.com<\/a><\/p>\n<\/div>\n<\/div>\n\n\n\n<div class=\"wp-block-columns is-layout-flex wp-container-core-columns-is-layout-28f84493 wp-block-columns-is-layout-flex\">\n<div class=\"wp-block-column is-layout-flow wp-block-column-is-layout-flow\" style=\"flex-basis:33.33%\">\n<figure class=\"wp-block-image size-full is-resized\"><img loading=\"lazy\" decoding=\"async\" width=\"200\" height=\"214\" src=\"https:\/\/neu-mfc.heidenheim.com\/wp-content\/uploads\/2024\/03\/Martin_Kenntner.jpg\" alt=\"\" class=\"wp-image-324\" style=\"width:239px;height:auto\"\/><\/figure>\n<\/div>\n\n\n\n<div class=\"wp-block-column is-layout-flow wp-block-column-is-layout-flow\" style=\"flex-basis:70%\">\n<p class=\"has-small-font-size\"><strong>Messbeauftragter<\/strong><\/p>\n\n\n\n<p class=\"has-x-small-font-size\">Martin Kenntner<\/p>\n\n\n\n<p class=\"has-x-small-font-size\">Am Mittelrain 6<\/p>\n\n\n\n<p class=\"has-x-small-font-size\">89555 Steinheim<\/p>\n\n\n\n<p class=\"has-x-small-font-size\">Tel: <\/p>\n\n\n\n<p>E-Mailkontakt: <a href=\"mailto:info@mfc.heidenheim.com\">info@mfc.heidenheim.com<\/a><\/p>\n<\/div>\n<\/div>\n\n\n\n<div class=\"wp-block-columns is-layout-flex wp-container-core-columns-is-layout-28f84493 wp-block-columns-is-layout-flex\">\n<div class=\"wp-block-column is-layout-flow wp-block-column-is-layout-flow\" style=\"flex-basis:33.33%\">\n<figure class=\"wp-block-image size-full is-resized\"><img loading=\"lazy\" decoding=\"async\" width=\"900\" height=\"1108\" src=\"https:\/\/mfc.heidenheim.com\/wp-content\/uploads\/2026\/04\/Waldemar.jpg\" alt=\"\" class=\"wp-image-2426\" style=\"width:239px\" srcset=\"https:\/\/mfc.heidenheim.com\/wp-content\/uploads\/2026\/04\/Waldemar.jpg 900w, https:\/\/mfc.heidenheim.com\/wp-content\/uploads\/2026\/04\/Waldemar-244x300.jpg 244w, https:\/\/mfc.heidenheim.com\/wp-content\/uploads\/2026\/04\/Waldemar-832x1024.jpg 832w\" sizes=\"auto, (max-width: 900px) 100vw, 900px\" \/><\/figure>\n<\/div>\n\n\n\n<div class=\"wp-block-column is-layout-flow wp-block-column-is-layout-flow\" style=\"flex-basis:70%\">\n<p class=\"has-small-font-size\"><strong>Platzwart<\/strong><\/p>\n\n\n\n<p class=\"has-x-small-font-size\">Waldemar Sch\u00e4fer<\/p>\n\n\n\n<p class=\"has-x-small-font-size\">Franz-Mark-Stra\u00dfe 2<\/p>\n\n\n\n<p class=\"has-x-small-font-size\">89520 Heidenheim<\/p>\n\n\n\n<p class=\"has-x-small-font-size\">Tel: 07321-63896<\/p>\n\n\n\n<p>E-Mailkontakt: <a href=\"mailto:info@mfc.heidenheim.com\">info@mfc.heidenheim.com<\/a><\/p>\n<\/div>\n<\/div>\n\n\n\n<div class=\"wp-block-columns is-layout-flex wp-container-core-columns-is-layout-28f84493 wp-block-columns-is-layout-flex\">\n<div class=\"wp-block-column is-layout-flow wp-block-column-is-layout-flow\" style=\"flex-basis:33.33%\">\n<figure class=\"wp-block-image size-full is-resized\"><img loading=\"lazy\" decoding=\"async\" width=\"608\" height=\"603\" src=\"https:\/\/neu-mfc.heidenheim.com\/wp-content\/uploads\/2024\/03\/Gregor.jpg\" alt=\"\" class=\"wp-image-315\" style=\"width:239px;height:auto\" srcset=\"https:\/\/mfc.heidenheim.com\/wp-content\/uploads\/2024\/03\/Gregor.jpg 608w, https:\/\/mfc.heidenheim.com\/wp-content\/uploads\/2024\/03\/Gregor-300x298.jpg 300w, https:\/\/mfc.heidenheim.com\/wp-content\/uploads\/2024\/03\/Gregor-150x150.jpg 150w\" sizes=\"auto, (max-width: 608px) 100vw, 608px\" \/><\/figure>\n<\/div>\n\n\n\n<div class=\"wp-block-column is-layout-flow wp-block-column-is-layout-flow\" style=\"flex-basis:70%\">\n<p class=\"has-x-small-font-size\"><strong>&nbsp;Pressearbeit &amp; Webmaster:<\/strong><\/p>\n\n\n\n<p class=\"has-small-font-size\">Gregor Muhs<\/p>\n\n\n\n<p class=\"has-x-small-font-size\">Josef Weiss Stra\u00dfe 6<\/p>\n\n\n\n<p class=\"has-x-small-font-size\">89522 Heidenheim<\/p>\n\n\n\n<p class=\"has-x-small-font-size\">Tel: 07321-946396<\/p>\n\n\n\n<p>E-Mailkontakt: <a href=\"mailto:info@mfc.heidenheim.com\">info@mfc.heidenheim.com<\/a><\/p>\n<\/div>\n<\/div>\n","protected":false},"excerpt":{"rendered":"<p>Vorstandschaft 1. Vorstand: Reiner Gaschler &nbsp;Friedenstra\u00dfe 13 &nbsp;89555 Steinheim &nbsp;Tel: 07329-5168 &nbsp;E-Mailkontakt: info@mfc.heidenheim.com 2. Vorstand: Gregor Muhs Josef Weiss Stra\u00dfe 6 89522 Heidenheim Tel: 07321-946396 E-Mailkontakt: info@mfc.heidenheim.com Kassier Steffen Schr\u00f6der Wilhelm Busch Stra\u00dfe 10 73450 Neresheim Tel: 073679-23140 E-Mailkontakt: info@mfc.heidenheim.com Schriftf\u00fchrer Bernd Lux Siebenb\u00fcrgenstra\u00dfe 3 89555 Steinheim Tel: 07329-323 E-Mailkontakt: info@mfc.heidenheim.com Beisitzer Festwirt Axel Schr\u00f6der &hellip; <\/p>\n<p class=\"link-more\"><a href=\"https:\/\/mfc.heidenheim.com\/index.php\/vorstandschaft\/\" class=\"more-link\">Mehr <span class=\"screen-reader-text\">\u00fcber &#8222;Vorstandschaft &#038; Beisitzer&#8220; <\/span>Lesen<\/a><\/p>\n","protected":false},"author":1,"featured_media":0,"parent":0,"menu_order":0,"comment_status":"closed","ping_status":"closed","template":"","meta":{"ngg_post_thumbnail":0,"footnotes":""},"class_list":["post-300","page","type-page","status-publish","hentry"],"_links":{"self":[{"href":"https:\/\/mfc.heidenheim.com\/index.php\/wp-json\/wp\/v2\/pages\/300","targetHints":{"allow":["GET"]}}],"collection":[{"href":"https:\/\/mfc.heidenheim.com\/index.php\/wp-json\/wp\/v2\/pages"}],"about":[{"href":"https:\/\/mfc.heidenheim.com\/index.php\/wp-json\/wp\/v2\/types\/page"}],"author":[{"embeddable":true,"href":"https:\/\/mfc.heidenheim.com\/index.php\/wp-json\/wp\/v2\/users\/1"}],"replies":[{"embeddable":true,"href":"https:\/\/mfc.heidenheim.com\/index.php\/wp-json\/wp\/v2\/comments?post=300"}],"version-history":[{"count":18,"href":"https:\/\/mfc.heidenheim.com\/index.php\/wp-json\/wp\/v2\/pages\/300\/revisions"}],"predecessor-version":[{"id":2429,"href":"https:\/\/mfc.heidenheim.com\/index.php\/wp-json\/wp\/v2\/pages\/300\/revisions\/2429"}],"wp:attachment":[{"href":"https:\/\/mfc.heidenheim.com\/index.php\/wp-json\/wp\/v2\/media?parent=300"}],"curies":[{"name":"wp","href":"https:\/\/api.w.org\/{rel}","templated":true}]}}